{"id":867,"date":"2019-10-21T08:54:00","date_gmt":"2019-10-21T06:54:00","guid":{"rendered":"https:\/\/www.rudern-sup.de\/?page_id=867"},"modified":"2022-09-30T20:28:26","modified_gmt":"2022-09-30T18:28:26","slug":"video-neu","status":"publish","type":"page","link":"https:\/\/www.rudern-sup.de\/index.php\/video-neu\/","title":{"rendered":"VIDEO neu"},"content":{"rendered":"\t\t<div data-elementor-type=\"wp-page\" data-elementor-id=\"867\" class=\"elementor elementor-867\">\n\t\t\t\t\t\t<section class=\"elementor-section elementor-top-section elementor-element elementor-element-01e23d6 elementor-section-boxed elementor-section-height-default elementor-section-height-default\" data-id=\"01e23d6\" data-element_type=\"section\">\n\t\t\t\t\t\t<div class=\"elementor-container elementor-column-gap-default\">\n\t\t\t\t\t<div class=\"elementor-column elementor-col-100 elementor-top-column elementor-element elementor-element-930c435\" data-id=\"930c435\" data-element_type=\"column\">\n\t\t\t<div class=\"elementor-widget-wrap elementor-element-populated\">\n\t\t\t\t\t\t<section class=\"elementor-section elementor-inner-section elementor-element elementor-element-8349d3d elementor-section-boxed elementor-section-height-default elementor-section-height-default\" data-id=\"8349d3d\" data-element_type=\"section\">\n\t\t\t\t\t\t<div class=\"elementor-container elementor-column-gap-default\">\n\t\t\t\t\t<div class=\"elementor-column elementor-col-50 elementor-inner-column elementor-element elementor-element-b583a99\" data-id=\"b583a99\" data-element_type=\"column\">\n\t\t\t<div class=\"elementor-widget-wrap elementor-element-populated\">\n\t\t\t\t\t\t<div class=\"elementor-element elementor-element-629cdfa elementor-widget elementor-widget-text-editor\" data-id=\"629cdfa\" data-element_type=\"widget\" data-widget_type=\"text-editor.default\">\n\t\t\t\t<div class=\"elementor-widget-container\">\n\t\t\t\t\t\t\t\t\t<h5><span style=\"color: #008000;\">DELPHIN RuderSystem<\/span> <span style=\"color: #ffffff;\">\u2013 <span style=\"color: #ffffff;\">die<\/span> innovativen Weltneuheit. Das Vorw\u00e4rtsRuderSystem f\u00fcr Einsteiger und Profis, rudern Sie in die Richtung, in die Sie schauen.<\/span><\/h5>\t\t\t\t\t\t\t\t<\/div>\n\t\t\t\t<\/div>\n\t\t\t\t\t<\/div>\n\t\t<\/div>\n\t\t\t\t<div class=\"elementor-column elementor-col-50 elementor-inner-column elementor-element elementor-element-ada44bb\" data-id=\"ada44bb\" data-element_type=\"column\">\n\t\t\t<div class=\"elementor-widget-wrap elementor-element-populated\">\n\t\t\t\t\t\t<div class=\"elementor-element elementor-element-cb58114 elementor-widget elementor-widget-text-editor\" data-id=\"cb58114\" data-element_type=\"widget\" data-widget_type=\"text-editor.default\">\n\t\t\t\t<div class=\"elementor-widget-container\">\n\t\t\t\t\t\t\t\t\t<h5><span style=\"color: #000000;\"><span style=\"color: #ffffff;\">Vorw\u00e4rtsrudern mit dem<\/span> <span style=\"color: #008000;\">DELPHIN Rudersystem<\/span><span style=\"color: #ffffff;\">, auf einem Stand up Paddle board oder im Kajak. In Blickrichtung rudern. <br>Mit dem\u00a0<\/span><\/span><span style=\"font-family: var(--font-h5); font-size: 1.2rem; letter-spacing: 0px; color: #008000; background: var(--color-content-bg-grad);\">DELPHIN 1 Rudersystem\u00a0<\/span><span style=\"font-family: var(--font-h5); font-size: 1.2rem; letter-spacing: 0px; color: #ffffff; background: var(--color-content-bg-grad);\">fixiertem Sitz und Rollausleger oder\u00a0<\/span><span style=\"font-family: var(--font-h5); font-size: 1.2rem; letter-spacing: 0px; color: #008000; background: var(--color-content-bg-grad);\">DELPHIN 2 Rudersystem <\/span><span style=\"font-family: var(--font-h5); font-size: 1.2rem; letter-spacing: 0px; color: #ffffff; background: var(--color-content-bg-grad);\">Rollsitz und Auslegersleger<\/span><\/h5>\t\t\t\t\t\t\t\t<\/div>\n\t\t\t\t<\/div>\n\t\t\t\t\t<\/div>\n\t\t<\/div>\n\t\t\t\t\t<\/div>\n\t\t<\/section>\n\t\t\t\t\t<\/div>\n\t\t<\/div>\n\t\t\t\t\t<\/div>\n\t\t<\/section>\n\t\t\t\t<section class=\"elementor-section elementor-top-section elementor-element elementor-element-e61fc30 elementor-section-boxed elementor-section-height-default elementor-section-height-default\" data-id=\"e61fc30\" data-element_type=\"section\">\n\t\t\t\t\t\t<div class=\"elementor-container elementor-column-gap-default\">\n\t\t\t\t\t<div class=\"elementor-column elementor-col-33 elementor-top-column elementor-element elementor-element-4876602\" data-id=\"4876602\" data-element_type=\"column\">\n\t\t\t<div class=\"elementor-widget-wrap elementor-element-populated\">\n\t\t\t\t\t\t<div class=\"elementor-element elementor-element-c6c22a6 elementor-widget elementor-widget-video\" data-id=\"c6c22a6\" data-element_type=\"widget\" data-settings=\"{&quot;video_type&quot;:&quot;hosted&quot;,&quot;controls&quot;:&quot;yes&quot;}\" data-widget_type=\"video.default\">\n\t\t\t\t<div class=\"elementor-widget-container\">\n\t\t\t\t\t\t\t<div class=\"e-hosted-video elementor-wrapper elementor-open-inline\">\n\t\t\t\t\t<video class=\"elementor-video\" src=\"https:\/\/www.rudern-sup.de\/wp-content\/uploads\/2022\/01\/vorwaertsrudern-im-kajak-2.mov\" controls=\"\" preload=\"metadata\" controlsList=\"nodownload\" poster=\"https:\/\/www.rudern-sup.de\/wp-content\/uploads\/2022\/01\/Bildschirmfoto-2022-01-12-um-14.56.49-1.png\"><\/video>\n\t\t\t\t<\/div>\n\t\t\t\t\t\t<\/div>\n\t\t\t\t<\/div>\n\t\t\t\t\t<\/div>\n\t\t<\/div>\n\t\t\t\t<div class=\"elementor-column elementor-col-33 elementor-top-column elementor-element elementor-element-04b681a\" data-id=\"04b681a\" data-element_type=\"column\">\n\t\t\t<div class=\"elementor-widget-wrap elementor-element-populated\">\n\t\t\t\t\t\t<div class=\"elementor-element elementor-element-fdbb183 elementor-widget elementor-widget-video\" data-id=\"fdbb183\" data-element_type=\"widget\" data-settings=\"{&quot;video_type&quot;:&quot;hosted&quot;,&quot;controls&quot;:&quot;yes&quot;}\" data-widget_type=\"video.default\">\n\t\t\t\t<div class=\"elementor-widget-container\">\n\t\t\t\t\t\t\t<div class=\"e-hosted-video elementor-wrapper elementor-open-inline\">\n\t\t\t\t\t<video class=\"elementor-video\" src=\"https:\/\/www.rudern-sup.de\/wp-content\/uploads\/2021\/04\/Clara-Paddel.m4v\" controls=\"\" preload=\"metadata\" controlsList=\"nodownload\" poster=\"https:\/\/www.rudern-sup.de\/wp-content\/uploads\/2021\/04\/Clara-Paddel-m4v-image.jpg\"><\/video>\n\t\t\t\t<\/div>\n\t\t\t\t\t\t<\/div>\n\t\t\t\t<\/div>\n\t\t\t\t\t<\/div>\n\t\t<\/div>\n\t\t\t\t<div class=\"elementor-column elementor-col-33 elementor-top-column elementor-element elementor-element-ce18b9e\" data-id=\"ce18b9e\" data-element_type=\"column\">\n\t\t\t<div class=\"elementor-widget-wrap elementor-element-populated\">\n\t\t\t\t\t\t<div class=\"elementor-element elementor-element-dadefe3 elementor-widget elementor-widget-video\" data-id=\"dadefe3\" data-element_type=\"widget\" data-settings=\"{&quot;video_type&quot;:&quot;hosted&quot;,&quot;controls&quot;:&quot;yes&quot;}\" data-widget_type=\"video.default\">\n\t\t\t\t<div class=\"elementor-widget-container\">\n\t\t\t\t\t\t\t<div class=\"e-hosted-video elementor-wrapper elementor-open-inline\">\n\t\t\t\t\t<video class=\"elementor-video\" src=\"https:\/\/www.rudern-sup.de\/wp-content\/uploads\/2021\/04\/Clara-31.03-mix-b2.mov\" controls=\"\" preload=\"metadata\" controlsList=\"nodownload\"><\/video>\n\t\t\t\t<\/div>\n\t\t\t\t\t\t<\/div>\n\t\t\t\t<\/div>\n\t\t\t\t\t<\/div>\n\t\t<\/div>\n\t\t\t\t\t<\/div>\n\t\t<\/section>\n\t\t\t\t<section class=\"elementor-section elementor-top-section elementor-element elementor-element-edb1c16 elementor-section-full_width elementor-section-content-top elementor-section-height-default elementor-section-height-default\" data-id=\"edb1c16\" data-element_type=\"section\">\n\t\t\t\t\t\t<div class=\"elementor-container elementor-column-gap-no\">\n\t\t\t\t\t<div class=\"elementor-column elementor-col-100 elementor-top-column elementor-element elementor-element-8fb1d05\" data-id=\"8fb1d05\" data-element_type=\"column\">\n\t\t\t<div class=\"elementor-widget-wrap elementor-element-populated\">\n\t\t\t\t\t\t<section class=\"elementor-section elementor-inner-section elementor-element elementor-element-2d66039 elementor-section-boxed elementor-section-height-default elementor-section-height-default\" data-id=\"2d66039\" data-element_type=\"section\">\n\t\t\t\t\t\t<div class=\"elementor-container elementor-column-gap-default\">\n\t\t\t\t\t<div class=\"elementor-column elementor-col-50 elementor-inner-column elementor-element elementor-element-7fe356b\" data-id=\"7fe356b\" data-element_type=\"column\">\n\t\t\t<div class=\"elementor-widget-wrap elementor-element-populated\">\n\t\t\t\t\t\t<div class=\"elementor-element elementor-element-1d4d1b9 elementor-widget elementor-widget-video\" data-id=\"1d4d1b9\" data-element_type=\"widget\" data-settings=\"{&quot;video_type&quot;:&quot;hosted&quot;,&quot;controls&quot;:&quot;yes&quot;}\" data-widget_type=\"video.default\">\n\t\t\t\t<div class=\"elementor-widget-container\">\n\t\t\t\t\t\t\t<div class=\"e-hosted-video elementor-wrapper elementor-open-inline\">\n\t\t\t\t\t<video class=\"elementor-video\" src=\"https:\/\/www.rudern-sup.de\/wp-content\/uploads\/2019\/10\/Vorw\u00e4rtsrudern-Carbon-SUP-.m4v\" controls=\"\" preload=\"metadata\" controlsList=\"nodownload\" poster=\"https:\/\/www.rudern-sup.de\/wp-content\/uploads\/2019\/10\/Vorw\u00e4rtsrudern-Carbon-SUP-m4v-image.jpg\"><\/video>\n\t\t\t\t<\/div>\n\t\t\t\t\t\t<\/div>\n\t\t\t\t<\/div>\n\t\t\t\t\t<\/div>\n\t\t<\/div>\n\t\t\t\t<div class=\"elementor-column elementor-col-50 elementor-inner-column elementor-element elementor-element-8260fb5\" data-id=\"8260fb5\" data-element_type=\"column\">\n\t\t\t<div class=\"elementor-widget-wrap elementor-element-populated\">\n\t\t\t\t\t\t<div class=\"elementor-element elementor-element-eeedbb6 elementor-widget elementor-widget-video\" data-id=\"eeedbb6\" data-element_type=\"widget\" data-settings=\"{&quot;video_type&quot;:&quot;hosted&quot;,&quot;controls&quot;:&quot;yes&quot;}\" data-widget_type=\"video.default\">\n\t\t\t\t<div class=\"elementor-widget-container\">\n\t\t\t\t\t\t\t<div class=\"e-hosted-video elementor-wrapper elementor-open-inline\">\n\t\t\t\t\t<video class=\"elementor-video\" src=\"https:\/\/www.rudern-sup.de\/wp-content\/uploads\/2019\/09\/rudern-19.09.2019-2.m4v\" controls=\"\" preload=\"metadata\" controlsList=\"nodownload\" poster=\"https:\/\/www.rudern-sup.de\/wp-content\/uploads\/2019\/09\/rudern-19-09-2019-mov-image.jpg\"><\/video>\n\t\t\t\t<\/div>\n\t\t\t\t\t\t<\/div>\n\t\t\t\t<\/div>\n\t\t\t\t\t<\/div>\n\t\t<\/div>\n\t\t\t\t\t<\/div>\n\t\t<\/section>\n\t\t\t\t\t<\/div>\n\t\t<\/div>\n\t\t\t\t\t<\/div>\n\t\t<\/section>\n\t\t\t\t<section class=\"elementor-section elementor-top-section elementor-element elementor-element-3add01b elementor-section-boxed elementor-section-height-default elementor-section-height-default\" data-id=\"3add01b\" data-element_type=\"section\">\n\t\t\t\t\t\t<div class=\"elementor-container elementor-column-gap-default\">\n\t\t\t\t\t<div class=\"elementor-column elementor-col-100 elementor-top-column elementor-element elementor-element-98d2c4d\" data-id=\"98d2c4d\" data-element_type=\"column\">\n\t\t\t<div class=\"elementor-widget-wrap elementor-element-populated\">\n\t\t\t\t\t\t<section class=\"elementor-section elementor-inner-section elementor-element elementor-element-47a6862 elementor-section-boxed elementor-section-height-default elementor-section-height-default\" data-id=\"47a6862\" data-element_type=\"section\">\n\t\t\t\t\t\t<div class=\"elementor-container elementor-column-gap-default\">\n\t\t\t\t\t<div class=\"elementor-column elementor-col-50 elementor-inner-column elementor-element elementor-element-a1266b5\" data-id=\"a1266b5\" data-element_type=\"column\">\n\t\t\t<div class=\"elementor-widget-wrap elementor-element-populated\">\n\t\t\t\t\t\t<div class=\"elementor-element elementor-element-9c278f0 elementor-widget elementor-widget-video\" data-id=\"9c278f0\" data-element_type=\"widget\" data-settings=\"{&quot;video_type&quot;:&quot;hosted&quot;,&quot;controls&quot;:&quot;yes&quot;}\" data-widget_type=\"video.default\">\n\t\t\t\t<div class=\"elementor-widget-container\">\n\t\t\t\t\t\t\t<div class=\"e-hosted-video elementor-wrapper elementor-open-inline\">\n\t\t\t\t\t<video class=\"elementor-video\" src=\"https:\/\/www.rudern-sup.de\/wp-content\/uploads\/2019\/08\/vorw\u00e4rtsrudern-Apple-1980.m4v\" controls=\"\" preload=\"metadata\" controlsList=\"nodownload\" poster=\"https:\/\/www.rudern-sup.de\/wp-content\/uploads\/2019\/08\/vorw\u00e4rtsrudern-Apple-1980-m4v-image.jpg\"><\/video>\n\t\t\t\t<\/div>\n\t\t\t\t\t\t<\/div>\n\t\t\t\t<\/div>\n\t\t\t\t\t<\/div>\n\t\t<\/div>\n\t\t\t\t<div class=\"elementor-column elementor-col-50 elementor-inner-column elementor-element elementor-element-0ce5d45\" data-id=\"0ce5d45\" data-element_type=\"column\">\n\t\t\t<div class=\"elementor-widget-wrap elementor-element-populated\">\n\t\t\t\t\t\t<div class=\"elementor-element elementor-element-8a8a0ed elementor-widget elementor-widget-video\" data-id=\"8a8a0ed\" data-element_type=\"widget\" data-settings=\"{&quot;video_type&quot;:&quot;hosted&quot;,&quot;controls&quot;:&quot;yes&quot;}\" data-widget_type=\"video.default\">\n\t\t\t\t<div class=\"elementor-widget-container\">\n\t\t\t\t\t\t\t<div class=\"e-hosted-video elementor-wrapper elementor-open-inline\">\n\t\t\t\t\t<video class=\"elementor-video\" src=\"https:\/\/www.rudern-sup.de\/wp-content\/uploads\/2019\/08\/rowing-forward-Wannsee.m4v\" controls=\"\" preload=\"metadata\" controlsList=\"nodownload\" poster=\"https:\/\/www.rudern-sup.de\/wp-content\/uploads\/2019\/08\/rowing-forward-Wannsee-m4v-image.jpg\"><\/video>\n\t\t\t\t<\/div>\n\t\t\t\t\t\t<\/div>\n\t\t\t\t<\/div>\n\t\t\t\t\t<\/div>\n\t\t<\/div>\n\t\t\t\t\t<\/div>\n\t\t<\/section>\n\t\t\t\t\t<\/div>\n\t\t<\/div>\n\t\t\t\t\t<\/div>\n\t\t<\/section>\n\t\t\t\t<section class=\"elementor-section elementor-top-section elementor-element elementor-element-3ad084d elementor-section-boxed elementor-section-height-default elementor-section-height-default\" data-id=\"3ad084d\" data-element_type=\"section\">\n\t\t\t\t\t\t<div class=\"elementor-container elementor-column-gap-default\">\n\t\t\t\t\t<div class=\"elementor-column elementor-col-100 elementor-top-column elementor-element elementor-element-ef44cce\" data-id=\"ef44cce\" data-element_type=\"column\">\n\t\t\t<div class=\"elementor-widget-wrap elementor-element-populated\">\n\t\t\t\t\t\t<section class=\"elementor-section elementor-inner-section elementor-element elementor-element-30b0be6 elementor-section-boxed elementor-section-height-default elementor-section-height-default\" data-id=\"30b0be6\" data-element_type=\"section\">\n\t\t\t\t\t\t<div class=\"elementor-container elementor-column-gap-default\">\n\t\t\t\t\t<div class=\"elementor-column elementor-col-50 elementor-inner-column elementor-element elementor-element-4e8ff48\" data-id=\"4e8ff48\" data-element_type=\"column\">\n\t\t\t<div class=\"elementor-widget-wrap elementor-element-populated\">\n\t\t\t\t\t\t<div class=\"elementor-element elementor-element-f992a14 elementor-widget elementor-widget-video\" data-id=\"f992a14\" data-element_type=\"widget\" data-settings=\"{&quot;video_type&quot;:&quot;hosted&quot;,&quot;controls&quot;:&quot;yes&quot;}\" data-widget_type=\"video.default\">\n\t\t\t\t<div class=\"elementor-widget-container\">\n\t\t\t\t\t\t\t<div class=\"e-hosted-video elementor-wrapper elementor-open-inline\">\n\t\t\t\t\t<video class=\"elementor-video\" src=\"https:\/\/www.rudern-sup.de\/wp-content\/uploads\/2022\/09\/Paddeln-auf-dem-SUP-SD-480p.mov\" controls=\"\" preload=\"metadata\" controlsList=\"nodownload\"><\/video>\n\t\t\t\t<\/div>\n\t\t\t\t\t\t<\/div>\n\t\t\t\t<\/div>\n\t\t\t\t\t<\/div>\n\t\t<\/div>\n\t\t\t\t<div class=\"elementor-column elementor-col-50 elementor-inner-column elementor-element elementor-element-8910b79\" data-id=\"8910b79\" data-element_type=\"column\">\n\t\t\t<div class=\"elementor-widget-wrap\">\n\t\t\t\t\t\t\t<\/div>\n\t\t<\/div>\n\t\t\t\t\t<\/div>\n\t\t<\/section>\n\t\t\t\t\t<\/div>\n\t\t<\/div>\n\t\t\t\t\t<\/div>\n\t\t<\/section>\n\t\t\t\t<\/div>\n\t\t","protected":false},"excerpt":{"rendered":"<p>DELPHIN RuderSystem \u2013 die innovativen Weltneuheit. Das Vorw\u00e4rtsRuderSystem f\u00fcr Einsteiger und Profis, rudern Sie in die Richtung, in die Sie schauen. Vorw\u00e4rtsrudern mit dem DELPHIN Rudersystem, auf einem Stand up Paddle board oder im Kajak. In Blickrichtung rudern. Mit dem\u00a0DELPHIN 1 Rudersystem\u00a0fixiertem Sitz und Rollausleger oder\u00a0DELPHIN 2 Rudersystem Rollsitz und Auslegersleger https:\/\/www.rudern-sup.de\/wp-content\/uploads\/2022\/01\/vorwaertsrudern-im-kajak-2.movhttps:\/\/www.rudern-sup.de\/wp-content\/uploads\/2021\/04\/Clara-Paddel.m4vhttps:\/\/www.rudern-sup.de\/wp-content\/uploads\/2021\/04\/Clara-31.03-mix-b2.movhttps:\/\/www.rudern-sup.de\/wp-content\/uploads\/2019\/10\/Vorw\u00e4rtsrudern-Carbon-SUP-.m4vhttps:\/\/www.rudern-sup.de\/wp-content\/uploads\/2019\/09\/rudern-19.09.2019-2.m4vhttps:\/\/www.rudern-sup.de\/wp-content\/uploads\/2019\/08\/vorw\u00e4rtsrudern-Apple-1980.m4vhttps:\/\/www.rudern-sup.de\/wp-content\/uploads\/2019\/08\/rowing-forward-Wannsee.m4vhttps:\/\/www.rudern-sup.de\/wp-content\/uploads\/2022\/09\/Paddeln-auf-dem-SUP-SD-480p.mov<\/p>\n","protected":false},"author":1,"featured_media":0,"parent":0,"menu_order":0,"comment_status":"closed","ping_status":"closed","template":"","meta":{"footnotes":""},"class_list":["post-867","page","type-page","status-publish","hentry"],"yoast_head":"<!-- This site is optimized with the Yoast SEO plugin v27.3 - https:\/\/yoast.com\/product\/yoast-seo-wordpress\/ -->\n<title>VIDEO neu - Rudern-SUP<\/title>\n<meta name=\"robots\" content=\"index, follow, max-snippet:-1, max-image-preview:large, max-video-preview:-1\" \/>\n<link rel=\"canonical\" href=\"https:\/\/www.rudern-sup.de\/index.php\/video-neu\/\" \/>\n<meta property=\"og:locale\" content=\"de_DE\" \/>\n<meta property=\"og:type\" content=\"article\" \/>\n<meta property=\"og:title\" content=\"VIDEO neu - Rudern-SUP\" \/>\n<meta property=\"og:description\" content=\"DELPHIN RuderSystem \u2013 die innovativen Weltneuheit. Das Vorw\u00e4rtsRuderSystem f\u00fcr Einsteiger und Profis, rudern Sie in die Richtung, in die Sie schauen. Vorw\u00e4rtsrudern mit dem DELPHIN Rudersystem, auf einem Stand up Paddle board oder im Kajak. In Blickrichtung rudern. Mit dem\u00a0DELPHIN 1 Rudersystem\u00a0fixiertem Sitz und Rollausleger oder\u00a0DELPHIN 2 Rudersystem Rollsitz und Auslegersleger https:\/\/www.rudern-sup.de\/wp-content\/uploads\/2022\/01\/vorwaertsrudern-im-kajak-2.movhttps:\/\/www.rudern-sup.de\/wp-content\/uploads\/2021\/04\/Clara-Paddel.m4vhttps:\/\/www.rudern-sup.de\/wp-content\/uploads\/2021\/04\/Clara-31.03-mix-b2.movhttps:\/\/www.rudern-sup.de\/wp-content\/uploads\/2019\/10\/Vorw\u00e4rtsrudern-Carbon-SUP-.m4vhttps:\/\/www.rudern-sup.de\/wp-content\/uploads\/2019\/09\/rudern-19.09.2019-2.m4vhttps:\/\/www.rudern-sup.de\/wp-content\/uploads\/2019\/08\/vorw\u00e4rtsrudern-Apple-1980.m4vhttps:\/\/www.rudern-sup.de\/wp-content\/uploads\/2019\/08\/rowing-forward-Wannsee.m4vhttps:\/\/www.rudern-sup.de\/wp-content\/uploads\/2022\/09\/Paddeln-auf-dem-SUP-SD-480p.mov\" \/>\n<meta property=\"og:url\" content=\"https:\/\/www.rudern-sup.de\/index.php\/video-neu\/\" \/>\n<meta property=\"og:site_name\" content=\"Rudern-SUP\" \/>\n<meta property=\"article:modified_time\" content=\"2022-09-30T18:28:26+00:00\" \/>\n<meta name=\"twitter:card\" content=\"summary_large_image\" \/>\n<meta name=\"twitter:label1\" content=\"Gesch\u00e4tzte Lesezeit\" \/>\n\t<meta name=\"twitter:data1\" content=\"1\u00a0Minute\" \/>\n<script type=\"application\/ld+json\" class=\"yoast-schema-graph\">{\"@context\":\"https:\\\/\\\/schema.org\",\"@graph\":[{\"@type\":\"WebPage\",\"@id\":\"https:\\\/\\\/www.rudern-sup.de\\\/index.php\\\/video-neu\\\/\",\"url\":\"https:\\\/\\\/www.rudern-sup.de\\\/index.php\\\/video-neu\\\/\",\"name\":\"VIDEO neu - Rudern-SUP\",\"isPartOf\":{\"@id\":\"https:\\\/\\\/www.rudern-sup.de\\\/#website\"},\"datePublished\":\"2019-10-21T06:54:00+00:00\",\"dateModified\":\"2022-09-30T18:28:26+00:00\",\"breadcrumb\":{\"@id\":\"https:\\\/\\\/www.rudern-sup.de\\\/index.php\\\/video-neu\\\/#breadcrumb\"},\"inLanguage\":\"de\",\"potentialAction\":[{\"@type\":\"ReadAction\",\"target\":[\"https:\\\/\\\/www.rudern-sup.de\\\/index.php\\\/video-neu\\\/\"]}]},{\"@type\":\"BreadcrumbList\",\"@id\":\"https:\\\/\\\/www.rudern-sup.de\\\/index.php\\\/video-neu\\\/#breadcrumb\",\"itemListElement\":[{\"@type\":\"ListItem\",\"position\":1,\"name\":\"Startseite\",\"item\":\"https:\\\/\\\/www.rudern-sup.de\\\/\"},{\"@type\":\"ListItem\",\"position\":2,\"name\":\"VIDEO neu\"}]},{\"@type\":\"WebSite\",\"@id\":\"https:\\\/\\\/www.rudern-sup.de\\\/#website\",\"url\":\"https:\\\/\\\/www.rudern-sup.de\\\/\",\"name\":\"Rudern-SUP\",\"description\":\"Vorw\u00e4rtsrudern mit dem Delphin Rudersystem\",\"potentialAction\":[{\"@type\":\"SearchAction\",\"target\":{\"@type\":\"EntryPoint\",\"urlTemplate\":\"https:\\\/\\\/www.rudern-sup.de\\\/?s={search_term_string}\"},\"query-input\":{\"@type\":\"PropertyValueSpecification\",\"valueRequired\":true,\"valueName\":\"search_term_string\"}}],\"inLanguage\":\"de\"}]}<\/script>\n<!-- \/ Yoast SEO plugin. -->","yoast_head_json":{"title":"VIDEO neu - Rudern-SUP","robots":{"index":"index","follow":"follow","max-snippet":"max-snippet:-1","max-image-preview":"max-image-preview:large","max-video-preview":"max-video-preview:-1"},"canonical":"https:\/\/www.rudern-sup.de\/index.php\/video-neu\/","og_locale":"de_DE","og_type":"article","og_title":"VIDEO neu - Rudern-SUP","og_description":"DELPHIN RuderSystem \u2013 die innovativen Weltneuheit. Das Vorw\u00e4rtsRuderSystem f\u00fcr Einsteiger und Profis, rudern Sie in die Richtung, in die Sie schauen. Vorw\u00e4rtsrudern mit dem DELPHIN Rudersystem, auf einem Stand up Paddle board oder im Kajak. In Blickrichtung rudern. Mit dem\u00a0DELPHIN 1 Rudersystem\u00a0fixiertem Sitz und Rollausleger oder\u00a0DELPHIN 2 Rudersystem Rollsitz und Auslegersleger https:\/\/www.rudern-sup.de\/wp-content\/uploads\/2022\/01\/vorwaertsrudern-im-kajak-2.movhttps:\/\/www.rudern-sup.de\/wp-content\/uploads\/2021\/04\/Clara-Paddel.m4vhttps:\/\/www.rudern-sup.de\/wp-content\/uploads\/2021\/04\/Clara-31.03-mix-b2.movhttps:\/\/www.rudern-sup.de\/wp-content\/uploads\/2019\/10\/Vorw\u00e4rtsrudern-Carbon-SUP-.m4vhttps:\/\/www.rudern-sup.de\/wp-content\/uploads\/2019\/09\/rudern-19.09.2019-2.m4vhttps:\/\/www.rudern-sup.de\/wp-content\/uploads\/2019\/08\/vorw\u00e4rtsrudern-Apple-1980.m4vhttps:\/\/www.rudern-sup.de\/wp-content\/uploads\/2019\/08\/rowing-forward-Wannsee.m4vhttps:\/\/www.rudern-sup.de\/wp-content\/uploads\/2022\/09\/Paddeln-auf-dem-SUP-SD-480p.mov","og_url":"https:\/\/www.rudern-sup.de\/index.php\/video-neu\/","og_site_name":"Rudern-SUP","article_modified_time":"2022-09-30T18:28:26+00:00","twitter_card":"summary_large_image","twitter_misc":{"Gesch\u00e4tzte Lesezeit":"1\u00a0Minute"},"schema":{"@context":"https:\/\/schema.org","@graph":[{"@type":"WebPage","@id":"https:\/\/www.rudern-sup.de\/index.php\/video-neu\/","url":"https:\/\/www.rudern-sup.de\/index.php\/video-neu\/","name":"VIDEO neu - Rudern-SUP","isPartOf":{"@id":"https:\/\/www.rudern-sup.de\/#website"},"datePublished":"2019-10-21T06:54:00+00:00","dateModified":"2022-09-30T18:28:26+00:00","breadcrumb":{"@id":"https:\/\/www.rudern-sup.de\/index.php\/video-neu\/#breadcrumb"},"inLanguage":"de","potentialAction":[{"@type":"ReadAction","target":["https:\/\/www.rudern-sup.de\/index.php\/video-neu\/"]}]},{"@type":"BreadcrumbList","@id":"https:\/\/www.rudern-sup.de\/index.php\/video-neu\/#breadcrumb","itemListElement":[{"@type":"ListItem","position":1,"name":"Startseite","item":"https:\/\/www.rudern-sup.de\/"},{"@type":"ListItem","position":2,"name":"VIDEO neu"}]},{"@type":"WebSite","@id":"https:\/\/www.rudern-sup.de\/#website","url":"https:\/\/www.rudern-sup.de\/","name":"Rudern-SUP","description":"Vorw\u00e4rtsrudern mit dem Delphin Rudersystem","potentialAction":[{"@type":"SearchAction","target":{"@type":"EntryPoint","urlTemplate":"https:\/\/www.rudern-sup.de\/?s={search_term_string}"},"query-input":{"@type":"PropertyValueSpecification","valueRequired":true,"valueName":"search_term_string"}}],"inLanguage":"de"}]}},"_links":{"self":[{"href":"https:\/\/www.rudern-sup.de\/index.php\/wp-json\/wp\/v2\/pages\/867","targetHints":{"allow":["GET"]}}],"collection":[{"href":"https:\/\/www.rudern-sup.de\/index.php\/wp-json\/wp\/v2\/pages"}],"about":[{"href":"https:\/\/www.rudern-sup.de\/index.php\/wp-json\/wp\/v2\/types\/page"}],"author":[{"embeddable":true,"href":"https:\/\/www.rudern-sup.de\/index.php\/wp-json\/wp\/v2\/users\/1"}],"replies":[{"embeddable":true,"href":"https:\/\/www.rudern-sup.de\/index.php\/wp-json\/wp\/v2\/comments?post=867"}],"version-history":[{"count":66,"href":"https:\/\/www.rudern-sup.de\/index.php\/wp-json\/wp\/v2\/pages\/867\/revisions"}],"predecessor-version":[{"id":1272,"href":"https:\/\/www.rudern-sup.de\/index.php\/wp-json\/wp\/v2\/pages\/867\/revisions\/1272"}],"wp:attachment":[{"href":"https:\/\/www.rudern-sup.de\/index.php\/wp-json\/wp\/v2\/media?parent=867"}],"curies":[{"name":"wp","href":"https:\/\/api.w.org\/{rel}","templated":true}]}}