{"id":774,"date":"2019-10-03T07:24:30","date_gmt":"2019-10-03T05:24:30","guid":{"rendered":"https:\/\/www.rudern-sup.de\/?page_id=774"},"modified":"2020-12-18T21:43:02","modified_gmt":"2020-12-18T20:43:02","slug":"rowingsystem-englisch","status":"publish","type":"page","link":"https:\/\/www.rudern-sup.de\/index.php\/en\/rowingsystem-englisch\/","title":{"rendered":"RowingSystem"},"content":{"rendered":"<section class=\"l-section wpb_row height_medium\"><div class=\"l-section-h i-cf\"><div class=\"g-cols vc_row via_flex valign_bottom type_default stacking_default\"><div class=\"vc_col-sm-12 wpb_column vc_column_container\"><div class=\"vc_column-inner\"><div class=\"wpb_wrapper\"><div class=\"wpb_text_column Beschreibung h6\"><div class=\"wpb_wrapper\"><h1 style=\"text-align: center;\"><span style=\"color: #ffffff;\">ROWING FORWARD SYSTEM <\/span><br \/>\n<span style=\"color: #ffffff;\">&#8211; on SUP-board and KAJAK &#8211;<\/span><\/h1>\n<\/div><\/div><div class=\"w-separator size_small with_line width_default thick_1 style_solid color_secondary align_center\"><div class=\"w-separator-h\"><\/div><\/div><div class=\"g-cols wpb_row via_flex valign_top type_default stacking_default\"><div class=\"vc_col-sm-12 wpb_column vc_column_container\"><div class=\"vc_column-inner\"><div class=\"wpb_wrapper\"><div class=\"w-image align_none\"><div class=\"w-image-h\"><img loading=\"lazy\" decoding=\"async\" width=\"1010\" height=\"380\" src=\"https:\/\/www.rudern-sup.de\/wp-content\/uploads\/2019\/04\/Delphin-I-wei\u00df-1024x385.jpg\" class=\"attachment-large size-large\" alt=\"\" loading=\"lazy\" srcset=\"https:\/\/www.rudern-sup.de\/wp-content\/uploads\/2019\/04\/Delphin-I-wei\u00df-1024x385.jpg 1024w, https:\/\/www.rudern-sup.de\/wp-content\/uploads\/2019\/04\/Delphin-I-wei\u00df-300x113.jpg 300w, https:\/\/www.rudern-sup.de\/wp-content\/uploads\/2019\/04\/Delphin-I-wei\u00df-400x151.jpg 400w\" sizes=\"auto, (max-width: 1010px) 100vw, 1010px\" \/><\/div><\/div><\/div><\/div><\/div><\/div><\/div><\/div><\/div><\/div><\/div><\/section><section class=\"l-section wpb_row height_small\"><div class=\"l-section-h i-cf\"><div class=\"g-cols vc_row via_flex valign_top type_default stacking_default\"><div class=\"vc_col-sm-2 wpb_column vc_column_container\"><div class=\"vc_column-inner\"><div class=\"wpb_wrapper\"><\/div><\/div><\/div><div class=\"vc_col-sm-8 wpb_column vc_column_container\"><div class=\"vc_column-inner\"><div class=\"wpb_wrapper\"><div class=\"wpb_text_column\"><div class=\"wpb_wrapper\"><h5><strong>\u00a0<span style=\"color: #008000;\">DELPHIN RowingSystem<\/span><\/strong>, <span style=\"color: #ffffff;\">the innovative world debut. A rowing forward system for beginners and professionals to row in the direction you look.<\/span><\/h5>\n<\/div><\/div><\/div><\/div><\/div><div class=\"vc_col-sm-2 wpb_column vc_column_container\"><div class=\"vc_column-inner\"><div class=\"wpb_wrapper\"><\/div><\/div><\/div><\/div><\/div><\/section><section class=\"l-section wpb_row us_custom_c6f44a68 height_small\"><div class=\"l-section-h i-cf\"><div class=\"g-cols vc_row via_flex valign_top type_default stacking_default\"><div class=\"vc_col-sm-2 wpb_column vc_column_container\"><div class=\"vc_column-inner\"><div class=\"wpb_wrapper\"><\/div><\/div><\/div><div class=\"vc_col-sm-8 wpb_column vc_column_container\"><div class=\"vc_column-inner\"><div class=\"wpb_wrapper\"><div class=\"wpb_text_column\"><div class=\"wpb_wrapper\"><h5><span style=\"color: #ffffff;\">The <strong><span style=\"color: #008000;\">DELPHIN RowingSystem<\/span> <\/strong>makes rowing easy and above all fun! Glide across the water with the power of both legs, back and arms. A perfect way to stay fit, healthy and stress-free.<\/span><\/h5>\n<\/div><\/div><\/div><\/div><\/div><div class=\"vc_col-sm-2 wpb_column vc_column_container\"><div class=\"vc_column-inner\"><div class=\"wpb_wrapper\"><\/div><\/div><\/div><\/div><\/div><\/section><section class=\"l-section wpb_row us_custom_1485a387 height_small\"><div class=\"l-section-h i-cf\"><div class=\"g-cols vc_row via_flex valign_top type_default stacking_default\"><div class=\"vc_col-sm-2 wpb_column vc_column_container\"><div class=\"vc_column-inner\"><div class=\"wpb_wrapper\"><\/div><\/div><\/div><div class=\"vc_col-sm-8 wpb_column vc_column_container\"><div class=\"vc_column-inner\"><div class=\"wpb_wrapper\"><div class=\"wpb_text_column\"><div class=\"wpb_wrapper\"><h5><span style=\"color: #ffffff;\">Our unique and efficient forward rudder system makes hobby rowing a pleasure, whether with SUP board or KAYAK<\/span><\/h5>\n<\/div><\/div><\/div><\/div><\/div><div class=\"vc_col-sm-2 wpb_column vc_column_container\"><div class=\"vc_column-inner\"><div class=\"wpb_wrapper\"><\/div><\/div><\/div><\/div><\/div><\/section><section class=\"l-section wpb_row us_custom_60a28ec2 height_small\"><div class=\"l-section-h i-cf\"><div class=\"g-cols vc_row via_flex valign_top type_default stacking_default\"><div class=\"vc_col-sm-2 wpb_column vc_column_container\"><div class=\"vc_column-inner\"><div class=\"wpb_wrapper\"><\/div><\/div><\/div><div class=\"vc_col-sm-8 wpb_column vc_column_container\"><div class=\"vc_column-inner\"><div class=\"wpb_wrapper\"><div class=\"wpb_text_column\"><div class=\"wpb_wrapper\"><h5><strong><span style=\"color: #008000;\">DELPHIN RowingSystem<\/span><\/strong> <span style=\"color: #ffffff;\">is designed so that no tools are required for assembly \/ disassembly. All parts are easily transportable and fit in a bag.<\/span><\/h5>\n<\/div><\/div><\/div><\/div><\/div><div class=\"vc_col-sm-2 wpb_column vc_column_container\"><div class=\"vc_column-inner\"><div class=\"wpb_wrapper\"><\/div><\/div><\/div><\/div><\/div><\/section><section class=\"l-section wpb_row us_custom_af2b246a height_small\"><div class=\"l-section-h i-cf\"><div class=\"g-cols vc_row via_flex valign_middle type_default stacking_default\"><div class=\"vc_col-sm-12 wpb_column vc_column_container\"><div class=\"vc_column-inner\"><div class=\"wpb_wrapper\"><div class=\"w-separator size_small with_line width_default thick_1 style_solid color_secondary align_center\"><div class=\"w-separator-h\"><\/div><\/div><\/div><\/div><\/div><\/div><\/div><\/section><section class=\"l-section wpb_row height_small\"><div class=\"l-section-h i-cf\"><div class=\"g-cols vc_row via_flex valign_middle type_default stacking_default\"><div class=\"vc_col-sm-2 wpb_column vc_column_container\"><div class=\"vc_column-inner\"><div class=\"wpb_wrapper\"><\/div><\/div><\/div><div class=\"vc_col-sm-8 wpb_column vc_column_container\"><div class=\"vc_column-inner\"><div class=\"wpb_wrapper\"><div class=\"w-image align_none\"><div class=\"w-image-h\"><img loading=\"lazy\" decoding=\"async\" width=\"1010\" height=\"673\" src=\"https:\/\/www.rudern-sup.de\/wp-content\/uploads\/2020\/01\/2U5A8308_lehnert-1-1-1024x682.jpg\" class=\"attachment-large size-large\" alt=\"\" loading=\"lazy\" srcset=\"https:\/\/www.rudern-sup.de\/wp-content\/uploads\/2020\/01\/2U5A8308_lehnert-1-1-1024x682.jpg 1024w, https:\/\/www.rudern-sup.de\/wp-content\/uploads\/2020\/01\/2U5A8308_lehnert-1-1-300x200.jpg 300w, https:\/\/www.rudern-sup.de\/wp-content\/uploads\/2020\/01\/2U5A8308_lehnert-1-1-1536x1024.jpg 1536w, https:\/\/www.rudern-sup.de\/wp-content\/uploads\/2020\/01\/2U5A8308_lehnert-1-1.jpg 2000w\" sizes=\"auto, (max-width: 1010px) 100vw, 1010px\" \/><\/div><\/div><\/div><\/div><\/div><div class=\"vc_col-sm-2 wpb_column vc_column_container\"><div class=\"vc_column-inner\"><div class=\"wpb_wrapper\"><\/div><\/div><\/div><\/div><\/div><\/section><section class=\"l-section wpb_row us_custom_ed99d051 height_small\"><div class=\"l-section-h i-cf\"><div class=\"g-cols vc_row via_flex valign_middle type_default stacking_default\"><div class=\"vc_col-sm-12 wpb_column vc_column_container\"><div class=\"vc_column-inner\"><div class=\"wpb_wrapper\"><div class=\"w-separator size_small with_line width_default thick_1 style_solid color_secondary align_center\"><div class=\"w-separator-h\"><\/div><\/div><\/div><\/div><\/div><\/div><\/div><\/section><section class=\"l-section wpb_row height_small\"><div class=\"l-section-h i-cf\"><div class=\"g-cols vc_row via_flex valign_middle type_default stacking_default\"><div class=\"vc_col-sm-2 wpb_column vc_column_container\"><div class=\"vc_column-inner\"><div class=\"wpb_wrapper\"><\/div><\/div><\/div><div class=\"vc_col-sm-8 wpb_column vc_column_container\"><div class=\"vc_column-inner\"><div class=\"wpb_wrapper\"><div class=\"w-image align_none\"><div class=\"w-image-h\"><img loading=\"lazy\" decoding=\"async\" width=\"1010\" height=\"605\" src=\"https:\/\/www.rudern-sup.de\/wp-content\/uploads\/2019\/09\/Paddelexpo-2019-1024x613.jpeg\" class=\"attachment-large size-large\" alt=\"\" loading=\"lazy\" srcset=\"https:\/\/www.rudern-sup.de\/wp-content\/uploads\/2019\/09\/Paddelexpo-2019-1024x613.jpeg 1024w, https:\/\/www.rudern-sup.de\/wp-content\/uploads\/2019\/09\/Paddelexpo-2019-300x180.jpeg 300w, https:\/\/www.rudern-sup.de\/wp-content\/uploads\/2019\/09\/Paddelexpo-2019.jpeg 1121w\" sizes=\"auto, (max-width: 1010px) 100vw, 1010px\" \/><\/div><\/div><\/div><\/div><\/div><div class=\"vc_col-sm-2 wpb_column vc_column_container\"><div class=\"vc_column-inner\"><div class=\"wpb_wrapper\"><\/div><\/div><\/div><\/div><\/div><\/section><section class=\"l-section wpb_row us_custom_ed99d051 height_small\"><div class=\"l-section-h i-cf\"><div class=\"g-cols vc_row via_flex valign_middle type_default stacking_default\"><div class=\"vc_col-sm-12 wpb_column vc_column_container\"><div class=\"vc_column-inner\"><div class=\"wpb_wrapper\"><div class=\"w-separator size_small with_line width_default thick_1 style_solid color_secondary align_center\"><div class=\"w-separator-h\"><\/div><\/div><\/div><\/div><\/div><\/div><\/div><\/section><section class=\"l-section wpb_row height_small\"><div class=\"l-section-h i-cf\"><div class=\"g-cols vc_row via_flex valign_middle type_default stacking_default\"><div class=\"vc_col-sm-2 wpb_column vc_column_container\"><div class=\"vc_column-inner\"><div class=\"wpb_wrapper\"><\/div><\/div><\/div><div class=\"vc_col-sm-8 wpb_column vc_column_container\"><div class=\"vc_column-inner\"><div class=\"wpb_wrapper\"><div class=\"w-slider style_none fit_scaledown nav_none count_3\"><div class=\"w-slider-h\"><div class=\"royalSlider\"><div class=\"rsContent\"><a class=\"rsImg\" data-rsw=\"1010\" data-rsh=\"758\" data-rsBigImg=\"https:\/\/www.rudern-sup.de\/wp-content\/uploads\/2020\/12\/Wannsee-4-11.07.2019-1024x768-2.jpg\" href=\"https:\/\/www.rudern-sup.de\/wp-content\/uploads\/2020\/12\/Wannsee-4-11.07.2019-1024x768-2.jpg\"><span data-alt=\"\"><\/span><\/a><\/div><div class=\"rsContent\"><a class=\"rsImg\" data-rsw=\"1010\" data-rsh=\"599\" data-rsBigImg=\"https:\/\/www.rudern-sup.de\/wp-content\/uploads\/2020\/12\/Wannsee-2-11.07.2019-1024x607-1.jpg\" href=\"https:\/\/www.rudern-sup.de\/wp-content\/uploads\/2020\/12\/Wannsee-2-11.07.2019-1024x607-1.jpg\"><span data-alt=\"\"><\/span><\/a><\/div><div class=\"rsContent\"><a class=\"rsImg\" data-rsw=\"1010\" data-rsh=\"568\" data-rsBigImg=\"https:\/\/www.rudern-sup.de\/wp-content\/uploads\/2020\/12\/vorwaertsrudern-duo.jpg\" href=\"https:\/\/www.rudern-sup.de\/wp-content\/uploads\/2020\/12\/vorwaertsrudern-duo-1024x576.jpg\"><span data-alt=\"\"><\/span><\/a><\/div><\/div><img loading=\"lazy\" decoding=\"async\" src=\"https:\/\/www.rudern-sup.de\/wp-content\/uploads\/2020\/12\/Wannsee-4-11.07.2019-1024x768-2.jpg\" width=\"1010\" height=\"758\" alt loading=\"lazy\"><\/div><div class=\"w-slider-json\" onclick='return {&quot;autoScaleSlider&quot;:true,&quot;addActiveClass&quot;:true,&quot;loop&quot;:true,&quot;fadeInLoadedSlide&quot;:false,&quot;slidesSpacing&quot;:0,&quot;imageScalePadding&quot;:0,&quot;numImagesToPreload&quot;:2,&quot;arrowsNav&quot;:true,&quot;arrowsNavAutoHide&quot;:false,&quot;transitionType&quot;:&quot;move&quot;,&quot;transitionSpeed&quot;:250,&quot;block&quot;:{&quot;moveEffect&quot;:&quot;none&quot;,&quot;speed&quot;:300},&quot;thumbs&quot;:{&quot;fitInViewport&quot;:false,&quot;firstMargin&quot;:false,&quot;spacing&quot;:4},&quot;controlNavigation&quot;:&quot;none&quot;,&quot;fullscreen&quot;:{&quot;enabled&quot;:true},&quot;autoScaleSliderWidth&quot;:1010,&quot;autoScaleSliderHeight&quot;:758}'><\/div><\/div><\/div><\/div><\/div><div class=\"vc_col-sm-2 wpb_column vc_column_container\"><div class=\"vc_column-inner\"><div class=\"wpb_wrapper\"><\/div><\/div><\/div><\/div><\/div><\/section><section class=\"l-section wpb_row us_custom_9722aa48 height_small\"><div class=\"l-section-h i-cf\"><div class=\"g-cols vc_row via_flex valign_middle type_default stacking_default\"><div class=\"vc_col-sm-12 wpb_column vc_column_container\"><div class=\"vc_column-inner\"><div class=\"wpb_wrapper\"><div class=\"w-separator size_small with_line width_default thick_1 style_solid color_secondary align_center\"><div class=\"w-separator-h\"><\/div><\/div><\/div><\/div><\/div><\/div><\/div><\/section><section class=\"l-section wpb_row us_custom_60a28ec2 height_small\"><div class=\"l-section-h i-cf\"><div class=\"g-cols vc_row via_flex valign_top type_default stacking_default\"><div class=\"vc_col-sm-6 wpb_column vc_column_container\"><div class=\"vc_column-inner us_custom_ecde3d02\"><div class=\"wpb_wrapper\"><div class=\"wpb_text_column us_custom_17bd070b\"><div class=\"wpb_wrapper\"><h4><span style=\"color: #ffffff;\"><strong>DATES ON SITE<\/strong><\/span><\/h4>\n<h5><span style=\"color: #ffffff;\">We offer you the opportunity to test the\u00a0<span style=\"color: #008000;\"><strong>DELPHIN 1+2 RowingSystem<\/strong><\/span>\u00a0on our test station at the Gohlitzsee \/ R\u00e4del in Brandenburg on the water. Get in touch with us to make an appointment.<\/span><\/h5>\n<\/div><\/div><div class=\"wpb_text_column us_custom_ae15f128\"><div class=\"wpb_wrapper\"><h5><\/h5>\n<h5><span style=\"font-family: -apple-system, BlinkMacSystemFont, 'Segoe UI', Roboto, Oxygen-Sans, Ubuntu, Cantarell, 'Helvetica Neue', sans-serif; color: #ffffff;\">It is also possible for interested groups and associations to test the <strong><span style=\"color: #008000;\">DELPHIN RowingSystem<\/span><\/strong> on-site with our mobile test station.<\/span><\/h5>\n<\/div><\/div><\/div><\/div><\/div><div class=\"vc_col-sm-6 wpb_column vc_column_container\"><div class=\"vc_column-inner us_custom_096f4bd2\"><div class=\"wpb_wrapper\"><div class=\"wpb_text_column us_custom_d32b29fd\"><div class=\"wpb_wrapper\"><h4><span style=\"color: #ffffff;\">TESTS TATION\u00a0<\/span><\/h4>\n<\/div><\/div><div class=\"w-image align_none\"><div class=\"w-image-h\"><img loading=\"lazy\" decoding=\"async\" width=\"616\" height=\"541\" src=\"https:\/\/www.rudern-sup.de\/wp-content\/uploads\/2019\/04\/Teststation-1.jpeg\" class=\"attachment-large size-large\" alt=\"\" loading=\"lazy\" srcset=\"https:\/\/www.rudern-sup.de\/wp-content\/uploads\/2019\/04\/Teststation-1.jpeg 616w, https:\/\/www.rudern-sup.de\/wp-content\/uploads\/2019\/04\/Teststation-1-300x263.jpeg 300w\" sizes=\"auto, (max-width: 616px) 100vw, 616px\" \/><\/div><\/div><div class=\"wpb_text_column\"><div class=\"wpb_wrapper\"><div>\n<h6 class=\"section-hero-header-title GLOBAL__gm2-headline-5\"><span style=\"color: #ffffff;\">Gohlitzsee R\u00e4del<\/span><br \/>\n<span style=\"color: #ffffff;\">14797 Kloster Lehnin<\/span><\/h6>\n<\/div>\n<\/div><\/div><\/div><\/div><\/div><\/div><\/div><\/section><section class=\"l-section wpb_row height_medium\"><div class=\"l-section-h i-cf\"><div class=\"g-cols vc_row via_flex valign_top type_default stacking_default\"><div class=\"vc_col-sm-12 wpb_column vc_column_container\"><div class=\"vc_column-inner\"><div class=\"wpb_wrapper\"><\/div><\/div><\/div><\/div><\/div><\/section>\n","protected":false},"excerpt":{"rendered":"ROWING FORWARD SYSTEM &#8211; on SUP-board and KAJAK &#8211; \u00a0DELPHIN RowingSystem, the innovative world debut. A rowing forward system for beginners and professionals to row in the direction you look. The DELPHIN RowingSystem makes rowing easy and above all fun! Glide across the water with the power of both legs, back and arms. A perfect...","protected":false},"author":1,"featured_media":0,"parent":0,"menu_order":0,"comment_status":"closed","ping_status":"closed","template":"","meta":{"footnotes":""},"class_list":["post-774","page","type-page","status-publish","hentry"],"yoast_head":"<!-- This site is optimized with the Yoast SEO plugin v27.4 - https:\/\/yoast.com\/product\/yoast-seo-wordpress\/ -->\n<title>RowingSystem - Rudern-SUP<\/title>\n<meta name=\"description\" content=\"Vorw\u00e4rtsrudern mit dem DELPHIN 1, f\u00fcr Einsteiger und Profis. Rudern Sie in die Richtung, in die Sie schauen. Unser einzigartiges und effizientes Vorw\u00e4rts-Ruder-System macht das Hobby-Rudern zum Vergn\u00fcgen\" \/>\n<meta name=\"robots\" content=\"index, follow, max-snippet:-1, max-image-preview:large, max-video-preview:-1\" \/>\n<link rel=\"canonical\" href=\"https:\/\/www.rudern-sup.de\/index.php\/en\/rowingsystem-englisch\/\" \/>\n<meta property=\"og:locale\" content=\"de_DE\" \/>\n<meta property=\"og:type\" content=\"article\" \/>\n<meta property=\"og:title\" content=\"RowingSystem - Rudern-SUP\" \/>\n<meta property=\"og:description\" content=\"Vorw\u00e4rtsrudern mit dem DELPHIN 1, f\u00fcr Einsteiger und Profis. Rudern Sie in die Richtung, in die Sie schauen. Unser einzigartiges und effizientes Vorw\u00e4rts-Ruder-System macht das Hobby-Rudern zum Vergn\u00fcgen\" \/>\n<meta property=\"og:url\" content=\"https:\/\/www.rudern-sup.de\/index.php\/en\/rowingsystem-englisch\/\" \/>\n<meta property=\"og:site_name\" content=\"Rudern-SUP\" \/>\n<meta property=\"article:modified_time\" content=\"2020-12-18T20:43:02+00:00\" \/>\n<meta name=\"twitter:card\" content=\"summary_large_image\" \/>\n<meta name=\"twitter:label1\" content=\"Gesch\u00e4tzte Lesezeit\" \/>\n\t<meta name=\"twitter:data1\" content=\"3\u00a0Minuten\" \/>\n<script type=\"application\/ld+json\" class=\"yoast-schema-graph\">{\"@context\":\"https:\\\/\\\/schema.org\",\"@graph\":[{\"@type\":\"WebPage\",\"@id\":\"https:\\\/\\\/www.rudern-sup.de\\\/index.php\\\/en\\\/rowingsystem-englisch\\\/\",\"url\":\"https:\\\/\\\/www.rudern-sup.de\\\/index.php\\\/en\\\/rowingsystem-englisch\\\/\",\"name\":\"RowingSystem - Rudern-SUP\",\"isPartOf\":{\"@id\":\"https:\\\/\\\/www.rudern-sup.de\\\/#website\"},\"datePublished\":\"2019-10-03T05:24:30+00:00\",\"dateModified\":\"2020-12-18T20:43:02+00:00\",\"description\":\"Vorw\u00e4rtsrudern mit dem DELPHIN 1, f\u00fcr Einsteiger und Profis. Rudern Sie in die Richtung, in die Sie schauen. Unser einzigartiges und effizientes Vorw\u00e4rts-Ruder-System macht das Hobby-Rudern zum Vergn\u00fcgen\",\"breadcrumb\":{\"@id\":\"https:\\\/\\\/www.rudern-sup.de\\\/index.php\\\/en\\\/rowingsystem-englisch\\\/#breadcrumb\"},\"inLanguage\":\"de\",\"potentialAction\":[{\"@type\":\"ReadAction\",\"target\":[\"https:\\\/\\\/www.rudern-sup.de\\\/index.php\\\/en\\\/rowingsystem-englisch\\\/\"]}]},{\"@type\":\"BreadcrumbList\",\"@id\":\"https:\\\/\\\/www.rudern-sup.de\\\/index.php\\\/en\\\/rowingsystem-englisch\\\/#breadcrumb\",\"itemListElement\":[{\"@type\":\"ListItem\",\"position\":1,\"name\":\"Startseite\",\"item\":\"https:\\\/\\\/www.rudern-sup.de\\\/\"},{\"@type\":\"ListItem\",\"position\":2,\"name\":\"RowingSystem\"}]},{\"@type\":\"WebSite\",\"@id\":\"https:\\\/\\\/www.rudern-sup.de\\\/#website\",\"url\":\"https:\\\/\\\/www.rudern-sup.de\\\/\",\"name\":\"Rudern-SUP\",\"description\":\"Vorw\u00e4rtsrudern mit dem Delphin Rudersystem\",\"potentialAction\":[{\"@type\":\"SearchAction\",\"target\":{\"@type\":\"EntryPoint\",\"urlTemplate\":\"https:\\\/\\\/www.rudern-sup.de\\\/?s={search_term_string}\"},\"query-input\":{\"@type\":\"PropertyValueSpecification\",\"valueRequired\":true,\"valueName\":\"search_term_string\"}}],\"inLanguage\":\"de\"}]}<\/script>\n<!-- \/ Yoast SEO plugin. -->","yoast_head_json":{"title":"RowingSystem - Rudern-SUP","description":"Vorw\u00e4rtsrudern mit dem DELPHIN 1, f\u00fcr Einsteiger und Profis. Rudern Sie in die Richtung, in die Sie schauen. Unser einzigartiges und effizientes Vorw\u00e4rts-Ruder-System macht das Hobby-Rudern zum Vergn\u00fcgen","robots":{"index":"index","follow":"follow","max-snippet":"max-snippet:-1","max-image-preview":"max-image-preview:large","max-video-preview":"max-video-preview:-1"},"canonical":"https:\/\/www.rudern-sup.de\/index.php\/en\/rowingsystem-englisch\/","og_locale":"de_DE","og_type":"article","og_title":"RowingSystem - Rudern-SUP","og_description":"Vorw\u00e4rtsrudern mit dem DELPHIN 1, f\u00fcr Einsteiger und Profis. Rudern Sie in die Richtung, in die Sie schauen. Unser einzigartiges und effizientes Vorw\u00e4rts-Ruder-System macht das Hobby-Rudern zum Vergn\u00fcgen","og_url":"https:\/\/www.rudern-sup.de\/index.php\/en\/rowingsystem-englisch\/","og_site_name":"Rudern-SUP","article_modified_time":"2020-12-18T20:43:02+00:00","twitter_card":"summary_large_image","twitter_misc":{"Gesch\u00e4tzte Lesezeit":"3\u00a0Minuten"},"schema":{"@context":"https:\/\/schema.org","@graph":[{"@type":"WebPage","@id":"https:\/\/www.rudern-sup.de\/index.php\/en\/rowingsystem-englisch\/","url":"https:\/\/www.rudern-sup.de\/index.php\/en\/rowingsystem-englisch\/","name":"RowingSystem - Rudern-SUP","isPartOf":{"@id":"https:\/\/www.rudern-sup.de\/#website"},"datePublished":"2019-10-03T05:24:30+00:00","dateModified":"2020-12-18T20:43:02+00:00","description":"Vorw\u00e4rtsrudern mit dem DELPHIN 1, f\u00fcr Einsteiger und Profis. Rudern Sie in die Richtung, in die Sie schauen. Unser einzigartiges und effizientes Vorw\u00e4rts-Ruder-System macht das Hobby-Rudern zum Vergn\u00fcgen","breadcrumb":{"@id":"https:\/\/www.rudern-sup.de\/index.php\/en\/rowingsystem-englisch\/#breadcrumb"},"inLanguage":"de","potentialAction":[{"@type":"ReadAction","target":["https:\/\/www.rudern-sup.de\/index.php\/en\/rowingsystem-englisch\/"]}]},{"@type":"BreadcrumbList","@id":"https:\/\/www.rudern-sup.de\/index.php\/en\/rowingsystem-englisch\/#breadcrumb","itemListElement":[{"@type":"ListItem","position":1,"name":"Startseite","item":"https:\/\/www.rudern-sup.de\/"},{"@type":"ListItem","position":2,"name":"RowingSystem"}]},{"@type":"WebSite","@id":"https:\/\/www.rudern-sup.de\/#website","url":"https:\/\/www.rudern-sup.de\/","name":"Rudern-SUP","description":"Vorw\u00e4rtsrudern mit dem Delphin Rudersystem","potentialAction":[{"@type":"SearchAction","target":{"@type":"EntryPoint","urlTemplate":"https:\/\/www.rudern-sup.de\/?s={search_term_string}"},"query-input":{"@type":"PropertyValueSpecification","valueRequired":true,"valueName":"search_term_string"}}],"inLanguage":"de"}]}},"_links":{"self":[{"href":"https:\/\/www.rudern-sup.de\/index.php\/wp-json\/wp\/v2\/pages\/774","targetHints":{"allow":["GET"]}}],"collection":[{"href":"https:\/\/www.rudern-sup.de\/index.php\/wp-json\/wp\/v2\/pages"}],"about":[{"href":"https:\/\/www.rudern-sup.de\/index.php\/wp-json\/wp\/v2\/types\/page"}],"author":[{"embeddable":true,"href":"https:\/\/www.rudern-sup.de\/index.php\/wp-json\/wp\/v2\/users\/1"}],"replies":[{"embeddable":true,"href":"https:\/\/www.rudern-sup.de\/index.php\/wp-json\/wp\/v2\/comments?post=774"}],"version-history":[{"count":17,"href":"https:\/\/www.rudern-sup.de\/index.php\/wp-json\/wp\/v2\/pages\/774\/revisions"}],"predecessor-version":[{"id":1089,"href":"https:\/\/www.rudern-sup.de\/index.php\/wp-json\/wp\/v2\/pages\/774\/revisions\/1089"}],"wp:attachment":[{"href":"https:\/\/www.rudern-sup.de\/index.php\/wp-json\/wp\/v2\/media?parent=774"}],"curies":[{"name":"wp","href":"https:\/\/api.w.org\/{rel}","templated":true}]}}