{"id":19,"date":"2019-02-20T09:58:21","date_gmt":"2019-02-20T08:58:21","guid":{"rendered":"http:\/\/www.rudern-sup.de\/?page_id=19"},"modified":"2020-12-16T15:40:34","modified_gmt":"2020-12-16T14:40:34","slug":"19-2","status":"publish","type":"page","link":"https:\/\/www.rudern-sup.de\/","title":{"rendered":"RuderSystem"},"content":{"rendered":"<section class=\"l-section wpb_row height_medium\"><div class=\"l-section-h i-cf\"><div class=\"g-cols vc_row via_flex valign_bottom type_default stacking_default\"><div class=\"vc_col-sm-12 wpb_column vc_column_container\"><div class=\"vc_column-inner\"><div class=\"wpb_wrapper\"><div class=\"wpb_text_column Beschreibung h6\"><div class=\"wpb_wrapper\"><h1 style=\"text-align: center;\"><span style=\"color: #ffffff;\">VORW\u00c4RTS-RUDER-SYSTEM <\/span><br \/>\n<span style=\"color: #ffffff;\">&#8211; mit SUP-board und KAJAK &#8211;<\/span><\/h1>\n<\/div><\/div><div class=\"w-separator size_small with_line width_default thick_1 style_solid color_secondary align_center\"><div class=\"w-separator-h\"><\/div><\/div><div class=\"g-cols wpb_row via_flex valign_top type_default stacking_default\"><div class=\"vc_col-sm-12 wpb_column vc_column_container\"><div class=\"vc_column-inner\"><div class=\"wpb_wrapper\"><div class=\"w-image align_none\"><div class=\"w-image-h\"><img loading=\"lazy\" decoding=\"async\" width=\"1010\" height=\"380\" src=\"https:\/\/www.rudern-sup.de\/wp-content\/uploads\/2019\/04\/Delphin-I-wei\u00df-1024x385.jpg\" class=\"attachment-large size-large\" alt=\"\" loading=\"lazy\" srcset=\"https:\/\/www.rudern-sup.de\/wp-content\/uploads\/2019\/04\/Delphin-I-wei\u00df-1024x385.jpg 1024w, https:\/\/www.rudern-sup.de\/wp-content\/uploads\/2019\/04\/Delphin-I-wei\u00df-300x113.jpg 300w, https:\/\/www.rudern-sup.de\/wp-content\/uploads\/2019\/04\/Delphin-I-wei\u00df-400x151.jpg 400w\" sizes=\"auto, (max-width: 1010px) 100vw, 1010px\" \/><\/div><\/div><\/div><\/div><\/div><\/div><\/div><\/div><\/div><\/div><\/div><\/section><section class=\"l-section wpb_row height_small\"><div class=\"l-section-h i-cf\"><div class=\"g-cols vc_row via_flex valign_top type_default stacking_default\"><div class=\"vc_col-sm-2 wpb_column vc_column_container\"><div class=\"vc_column-inner\"><div class=\"wpb_wrapper\"><\/div><\/div><\/div><div class=\"vc_col-sm-8 wpb_column vc_column_container\"><div class=\"vc_column-inner\"><div class=\"wpb_wrapper\"><div class=\"wpb_text_column\"><div class=\"wpb_wrapper\"><h5><span style=\"color: #ffffff;\">Mit dem<\/span><span style=\"color: #008000;\"><strong> DELPHIN -RuderSystem <span style=\"color: #ffffff;\">, <\/span><\/strong><\/span><span style=\"color: #ffffff;\">dem innovativen Vorw\u00e4rtsRuderSystem f\u00fcr\u00a0 Einsteiger und Profis, rudern Sie in die Richtung, in die Sie schauen.<\/span><\/h5>\n<\/div><\/div><\/div><\/div><\/div><div class=\"vc_col-sm-2 wpb_column vc_column_container\"><div class=\"vc_column-inner\"><div class=\"wpb_wrapper\"><\/div><\/div><\/div><\/div><\/div><\/section><section class=\"l-section wpb_row us_custom_1f64da91 height_small\"><div class=\"l-section-h i-cf\"><div class=\"g-cols vc_row via_flex valign_top type_default stacking_default\"><div class=\"vc_col-sm-2 wpb_column vc_column_container\"><div class=\"vc_column-inner\"><div class=\"wpb_wrapper\"><\/div><\/div><\/div><div class=\"vc_col-sm-8 wpb_column vc_column_container\"><div class=\"vc_column-inner\"><div class=\"wpb_wrapper\"><div class=\"wpb_text_column\"><div class=\"wpb_wrapper\"><h5><span style=\"color: #ffffff;\">Das<\/span> <span style=\"color: #008000;\"><strong>DELPHIN -RuderSystem<\/strong><\/span>\u00a0<span style=\"color: #ffffff;\">macht das Rudern einfach und bereitet vor allen Dingen Spa\u00df! Gleiten Sie mit der Kraft beider Beine, des R\u00fcckens und der Arme \u00fcber das Wasser. Ein perfekter Weg, um fit, gesund und stressfrei zu bleiben.<\/span><\/h5>\n<\/div><\/div><\/div><\/div><\/div><div class=\"vc_col-sm-2 wpb_column vc_column_container\"><div class=\"vc_column-inner\"><div class=\"wpb_wrapper\"><\/div><\/div><\/div><\/div><\/div><\/section><section class=\"l-section wpb_row us_custom_1f64da91 height_small\"><div class=\"l-section-h i-cf\"><div class=\"g-cols vc_row via_flex valign_top type_default stacking_default\"><div class=\"vc_col-sm-2 wpb_column vc_column_container\"><div class=\"vc_column-inner\"><div class=\"wpb_wrapper\"><\/div><\/div><\/div><div class=\"vc_col-sm-8 wpb_column vc_column_container\"><div class=\"vc_column-inner\"><div class=\"wpb_wrapper\"><div class=\"wpb_text_column\"><div class=\"wpb_wrapper\"><h5><span style=\"color: #ffffff;\">Unser einzigartiges und effizientes Vorw\u00e4rts-Ruder-System macht das Hobby-Rudern zum Vergn\u00fcgen, ob mit SUP-board oder KAJAK<\/span><\/h5>\n<\/div><\/div><\/div><\/div><\/div><div class=\"vc_col-sm-2 wpb_column vc_column_container\"><div class=\"vc_column-inner\"><div class=\"wpb_wrapper\"><\/div><\/div><\/div><\/div><\/div><\/section><section class=\"l-section wpb_row us_custom_bf81054c height_small\"><div class=\"l-section-h i-cf\"><div class=\"g-cols vc_row via_flex valign_top type_default stacking_default\"><div class=\"vc_col-sm-2 wpb_column vc_column_container\"><div class=\"vc_column-inner\"><div class=\"wpb_wrapper\"><\/div><\/div><\/div><div class=\"vc_col-sm-8 wpb_column vc_column_container\"><div class=\"vc_column-inner\"><div class=\"wpb_wrapper\"><div class=\"wpb_text_column\"><div class=\"wpb_wrapper\"><h5><span style=\"color: #ffffff;\">Das<\/span> <span style=\"color: #008000;\"><strong>DELPHIN -RuderSystem<\/strong><\/span><span style=\"font-size: 20px;\">\u00a0<span style=\"color: #ffffff;\">ist so konstruiert, dass f\u00fcr die Montage \/ Demontage keine Werkzeuge erforderlich sind. Alle Teile sind leicht transportabel und passen in eine Tasche.<\/span><\/span><\/h5>\n<\/div><\/div><\/div><\/div><\/div><div class=\"vc_col-sm-2 wpb_column vc_column_container\"><div class=\"vc_column-inner\"><div class=\"wpb_wrapper\"><\/div><\/div><\/div><\/div><\/div><\/section><section class=\"l-section wpb_row us_custom_9081c616 height_small\"><div class=\"l-section-h i-cf\"><div class=\"g-cols vc_row via_flex valign_middle type_default stacking_default\"><div class=\"vc_col-sm-12 wpb_column vc_column_container\"><div class=\"vc_column-inner\"><div class=\"wpb_wrapper\"><div class=\"w-separator size_small with_line width_default thick_1 style_solid color_secondary align_center\"><div class=\"w-separator-h\"><\/div><\/div><\/div><\/div><\/div><\/div><\/div><\/section><section class=\"l-section wpb_row height_small\"><div class=\"l-section-h i-cf\"><div class=\"g-cols vc_row via_flex valign_middle type_default stacking_default\"><div class=\"vc_col-sm-2 wpb_column vc_column_container\"><div class=\"vc_column-inner\"><div class=\"wpb_wrapper\"><\/div><\/div><\/div><div class=\"vc_col-sm-8 wpb_column vc_column_container\"><div class=\"vc_column-inner\"><div class=\"wpb_wrapper\"><div class=\"w-image align_none meta_simple\"><div class=\"w-image-h\"><img loading=\"lazy\" decoding=\"async\" width=\"1010\" height=\"673\" src=\"https:\/\/www.rudern-sup.de\/wp-content\/uploads\/2020\/01\/2U5A8308_lehnert-1-1024x682.jpg\" class=\"attachment-large size-large\" alt=\"Bootsmesse D\u00fcsseldorf 2020\" loading=\"lazy\" srcset=\"https:\/\/www.rudern-sup.de\/wp-content\/uploads\/2020\/01\/2U5A8308_lehnert-1-1024x682.jpg 1024w, https:\/\/www.rudern-sup.de\/wp-content\/uploads\/2020\/01\/2U5A8308_lehnert-1-300x200.jpg 300w, https:\/\/www.rudern-sup.de\/wp-content\/uploads\/2020\/01\/2U5A8308_lehnert-1-1536x1024.jpg 1536w, https:\/\/www.rudern-sup.de\/wp-content\/uploads\/2020\/01\/2U5A8308_lehnert-1.jpg 2000w\" sizes=\"auto, (max-width: 1010px) 100vw, 1010px\" \/><\/div><div class=\"w-image-meta\"><div class=\"w-image-title\">Bootsmesse D\u00fcsseldorf 2020<\/div><\/div><\/div><\/div><\/div><\/div><div class=\"vc_col-sm-2 wpb_column vc_column_container\"><div class=\"vc_column-inner\"><div class=\"wpb_wrapper\"><\/div><\/div><\/div><\/div><\/div><\/section><section class=\"l-section wpb_row us_custom_edf2c04e height_small\"><div class=\"l-section-h i-cf\"><div class=\"g-cols vc_row via_flex valign_middle type_default stacking_default\"><div class=\"vc_col-sm-12 wpb_column vc_column_container\"><div class=\"vc_column-inner\"><div class=\"wpb_wrapper\"><div class=\"w-separator size_small with_line width_default thick_1 style_solid color_secondary align_center\"><div class=\"w-separator-h\"><\/div><\/div><\/div><\/div><\/div><\/div><\/div><\/section><section class=\"l-section wpb_row height_small\"><div class=\"l-section-h i-cf\"><div class=\"g-cols vc_row via_flex valign_middle type_default stacking_default\"><div class=\"vc_col-sm-2 wpb_column vc_column_container\"><div class=\"vc_column-inner\"><div class=\"wpb_wrapper\"><\/div><\/div><\/div><div class=\"vc_col-sm-8 wpb_column vc_column_container\"><div class=\"vc_column-inner\"><div class=\"wpb_wrapper\"><div class=\"w-image align_none\"><div class=\"w-image-h\"><img loading=\"lazy\" decoding=\"async\" width=\"1010\" height=\"605\" src=\"https:\/\/www.rudern-sup.de\/wp-content\/uploads\/2019\/09\/Paddelexpo-2019-1024x613.jpeg\" class=\"attachment-large size-large\" alt=\"\" loading=\"lazy\" srcset=\"https:\/\/www.rudern-sup.de\/wp-content\/uploads\/2019\/09\/Paddelexpo-2019-1024x613.jpeg 1024w, https:\/\/www.rudern-sup.de\/wp-content\/uploads\/2019\/09\/Paddelexpo-2019-300x180.jpeg 300w, https:\/\/www.rudern-sup.de\/wp-content\/uploads\/2019\/09\/Paddelexpo-2019.jpeg 1121w\" sizes=\"auto, (max-width: 1010px) 100vw, 1010px\" \/><\/div><\/div><\/div><\/div><\/div><div class=\"vc_col-sm-2 wpb_column vc_column_container\"><div class=\"vc_column-inner\"><div class=\"wpb_wrapper\"><\/div><\/div><\/div><\/div><\/div><\/section><section class=\"l-section wpb_row us_custom_edf2c04e height_small\"><div class=\"l-section-h i-cf\"><div class=\"g-cols vc_row via_flex valign_middle type_default stacking_default\"><div class=\"vc_col-sm-12 wpb_column vc_column_container\"><div class=\"vc_column-inner\"><div class=\"wpb_wrapper\"><div class=\"w-separator size_small with_line width_default thick_1 style_solid color_secondary align_center\"><div class=\"w-separator-h\"><\/div><\/div><\/div><\/div><\/div><\/div><\/div><\/section><section class=\"l-section wpb_row height_small\"><div class=\"l-section-h i-cf\"><div class=\"g-cols vc_row via_flex valign_middle type_default stacking_default\"><div class=\"vc_col-sm-2 wpb_column vc_column_container\"><div class=\"vc_column-inner\"><div class=\"wpb_wrapper\"><\/div><\/div><\/div><div class=\"vc_col-sm-8 wpb_column vc_column_container\"><div class=\"vc_column-inner\"><div class=\"wpb_wrapper\"><div class=\"w-slider style_none fit_scaledown nav_none count_5\"><div class=\"w-slider-h\"><div class=\"royalSlider\"><div class=\"rsContent\"><a class=\"rsImg\" data-rsw=\"1010\" data-rsh=\"599\" data-rsBigImg=\"https:\/\/www.rudern-sup.de\/wp-content\/uploads\/2019\/07\/Wannsee-2-11.07.2019-e1563791433173.jpg\" href=\"https:\/\/www.rudern-sup.de\/wp-content\/uploads\/2019\/07\/Wannsee-2-11.07.2019-1024x607.jpg\"><span data-alt=\"\"><\/span><\/a><div class=\"rsABlock\" data-fadeEffect=\"false\" data-moveEffect=\"none\"><div class=\"w-slider-item-title\">Vorw\u00e4rtsrudern mit einem Stand Up Paddle Board<\/div><\/div><\/div><div class=\"rsContent\"><a class=\"rsImg\" data-rsw=\"1010\" data-rsh=\"758\" data-rsBigImg=\"https:\/\/www.rudern-sup.de\/wp-content\/uploads\/2019\/07\/Wannsee-4-11.07.2019-e1563791519702.jpg\" href=\"https:\/\/www.rudern-sup.de\/wp-content\/uploads\/2019\/07\/Wannsee-4-11.07.2019-1024x768.jpg\"><span data-alt=\"\"><\/span><\/a><div class=\"rsABlock\" data-fadeEffect=\"false\" data-moveEffect=\"none\"><div class=\"w-slider-item-title\">Vorw\u00e4rtsrudern in Blickrichtung<\/div><\/div><\/div><div class=\"rsContent\"><a class=\"rsImg\" data-rsw=\"1010\" data-rsh=\"758\" data-rsBigImg=\"https:\/\/www.rudern-sup.de\/wp-content\/uploads\/2019\/07\/Wannsee-1-11.07.2019-e1563791284852.jpg\" href=\"https:\/\/www.rudern-sup.de\/wp-content\/uploads\/2019\/07\/Wannsee-1-11.07.2019-1024x768.jpg\"><span data-alt=\"\"><\/span><\/a><div class=\"rsABlock\" data-fadeEffect=\"false\" data-moveEffect=\"none\"><div class=\"w-slider-item-title\">Vorw\u00e4rtsrudern in Blickrichtung<\/div><\/div><\/div><div class=\"rsContent\"><a class=\"rsImg\" data-rsw=\"1010\" data-rsh=\"674\" data-rsBigImg=\"https:\/\/www.rudern-sup.de\/wp-content\/uploads\/2019\/07\/Kurt-4-e1563792801775.jpg\" href=\"https:\/\/www.rudern-sup.de\/wp-content\/uploads\/2019\/07\/Kurt-4-1024x683.jpg\"><span data-alt=\"\"><\/span><\/a><div class=\"rsABlock\" data-fadeEffect=\"false\" data-moveEffect=\"none\"><div class=\"w-slider-item-title\">SUP Board<\/div><\/div><\/div><div class=\"rsContent\"><a class=\"rsImg\" data-rsw=\"640\" data-rsh=\"427\" data-rsBigImg=\"https:\/\/www.rudern-sup.de\/wp-content\/uploads\/2019\/08\/DSC8279.jpeg\" href=\"https:\/\/www.rudern-sup.de\/wp-content\/uploads\/2019\/08\/DSC8279.jpeg\"><span data-alt=\"\"><\/span><\/a><div class=\"rsABlock\" data-fadeEffect=\"false\" data-moveEffect=\"none\"><div class=\"w-slider-item-title\">SUP  mit Delphin 1<\/div><\/div><\/div><\/div><img loading=\"lazy\" decoding=\"async\" src=\"https:\/\/www.rudern-sup.de\/wp-content\/uploads\/2019\/07\/Wannsee-2-11.07.2019-1024x607.jpg\" width=\"1010\" height=\"599\" alt loading=\"lazy\"><\/div><div class=\"w-slider-json\" onclick='return {&quot;autoScaleSlider&quot;:true,&quot;addActiveClass&quot;:true,&quot;loop&quot;:true,&quot;fadeInLoadedSlide&quot;:false,&quot;slidesSpacing&quot;:0,&quot;imageScalePadding&quot;:0,&quot;numImagesToPreload&quot;:2,&quot;arrowsNav&quot;:true,&quot;arrowsNavAutoHide&quot;:false,&quot;transitionType&quot;:&quot;move&quot;,&quot;transitionSpeed&quot;:250,&quot;block&quot;:{&quot;moveEffect&quot;:&quot;none&quot;,&quot;speed&quot;:300},&quot;thumbs&quot;:{&quot;fitInViewport&quot;:false,&quot;firstMargin&quot;:false,&quot;spacing&quot;:4},&quot;controlNavigation&quot;:&quot;none&quot;,&quot;fullscreen&quot;:{&quot;enabled&quot;:true},&quot;autoScaleSliderWidth&quot;:1010,&quot;autoScaleSliderHeight&quot;:599}'><\/div><\/div><\/div><\/div><\/div><div class=\"vc_col-sm-2 wpb_column vc_column_container\"><div class=\"vc_column-inner\"><div class=\"wpb_wrapper\"><\/div><\/div><\/div><\/div><\/div><\/section><section class=\"l-section wpb_row us_custom_04e7aa0a height_small\"><div class=\"l-section-h i-cf\"><div class=\"g-cols vc_row via_flex valign_middle type_default stacking_default\"><div class=\"vc_col-sm-12 wpb_column vc_column_container\"><div class=\"vc_column-inner\"><div class=\"wpb_wrapper\"><div class=\"w-separator size_small with_line width_default thick_1 style_solid color_secondary align_center\"><div class=\"w-separator-h\"><\/div><\/div><\/div><\/div><\/div><\/div><\/div><\/section><section class=\"l-section wpb_row us_custom_bf81054c height_small\"><div class=\"l-section-h i-cf\"><div class=\"g-cols vc_row via_flex valign_top type_default stacking_default\"><div class=\"vc_col-sm-6 wpb_column vc_column_container\"><div class=\"vc_column-inner us_custom_d9e4bc69\"><div class=\"wpb_wrapper\"><div class=\"wpb_text_column us_custom_85734035\"><div class=\"wpb_wrapper\"><h4><span style=\"color: #ffffff;\">TERMINE VOR ORT<\/span><\/h4>\n<h5><span style=\"color: #ffffff;\">Wir bieten Ihnen die M\u00f6glichkeit, das<\/span> <span style=\"color: #008000;\"><strong>DELPHIN -RuderSystem<\/strong><\/span>\u00a0<span style=\"color: #ffffff;\">an unserer Teststation am Gohlitzsee \/ R\u00e4del in Brandenburg auf dem Wasser zu testen. Setzen Sie sich mit uns in Verbindung um einen Termin zu vereinbaren.<\/span><\/h5>\n<\/div><\/div><div class=\"wpb_text_column us_custom_85734035\"><div class=\"wpb_wrapper\"><h5><\/h5>\n<h5><span style=\"color: #ffffff;\">Ebenfalls besteht die M\u00f6glichkeit f\u00fcr interessierte Gruppen und Vereine, mit unserer mobile Teststation<span style=\"font-family: -apple-system, BlinkMacSystemFont, 'Segoe UI', Roboto, Oxygen-Sans, Ubuntu, Cantarell, 'Helvetica Neue', sans-serif;\"> bei Ihnen vor Ort das <\/span><\/span><span style=\"color: #008000;\"><strong>DELPHIN -RuderSystem <\/strong><\/span><span style=\"font-family: -apple-system, BlinkMacSystemFont, 'Segoe UI', Roboto, Oxygen-Sans, Ubuntu, Cantarell, 'Helvetica Neue', sans-serif; color: #ffffff;\">zu testen.<\/span><\/h5>\n<\/div><\/div><\/div><\/div><\/div><div class=\"vc_col-sm-6 wpb_column vc_column_container\"><div class=\"vc_column-inner us_custom_85734035\"><div class=\"wpb_wrapper\"><div class=\"wpb_text_column us_custom_abcaa632\"><div class=\"wpb_wrapper\"><h4><span style=\"color: #ffffff;\">TESTSTATION\u00a0<\/span><\/h4>\n<\/div><\/div><div class=\"w-image align_none\"><div class=\"w-image-h\"><img loading=\"lazy\" decoding=\"async\" width=\"616\" height=\"541\" src=\"https:\/\/www.rudern-sup.de\/wp-content\/uploads\/2019\/04\/Teststation-1.jpeg\" class=\"attachment-large size-large\" alt=\"\" loading=\"lazy\" srcset=\"https:\/\/www.rudern-sup.de\/wp-content\/uploads\/2019\/04\/Teststation-1.jpeg 616w, https:\/\/www.rudern-sup.de\/wp-content\/uploads\/2019\/04\/Teststation-1-300x263.jpeg 300w\" sizes=\"auto, (max-width: 616px) 100vw, 616px\" \/><\/div><\/div><div class=\"wpb_text_column\"><div class=\"wpb_wrapper\"><div>\n<h6 class=\"section-hero-header-title GLOBAL__gm2-headline-5\"><span style=\"color: #ffffff;\">Gohlitzsee R\u00e4del<\/span><br \/>\n<span style=\"color: #ffffff;\">14797 Kloster Lehnin<\/span><\/h6>\n<\/div>\n<\/div><\/div><\/div><\/div><\/div><\/div><\/div><\/section><section class=\"l-section wpb_row height_medium\"><div class=\"l-section-h i-cf\"><div class=\"g-cols vc_row via_flex valign_top type_default stacking_default\"><div class=\"vc_col-sm-12 wpb_column vc_column_container\"><div class=\"vc_column-inner\"><div class=\"wpb_wrapper\"><\/div><\/div><\/div><\/div><\/div><\/section>\n","protected":false},"excerpt":{"rendered":"VORW\u00c4RTS-RUDER-SYSTEM &#8211; mit SUP-board und KAJAK &#8211; Mit dem DELPHIN -RuderSystem , dem innovativen Vorw\u00e4rtsRuderSystem f\u00fcr\u00a0 Einsteiger und Profis, rudern Sie in die Richtung, in die Sie schauen. Das DELPHIN -RuderSystem\u00a0macht das Rudern einfach und bereitet vor allen Dingen Spa\u00df! Gleiten Sie mit der Kraft beider Beine, des R\u00fcckens und der Arme \u00fcber das Wasser....","protected":false},"author":1,"featured_media":0,"parent":0,"menu_order":0,"comment_status":"closed","ping_status":"closed","template":"","meta":{"footnotes":""},"class_list":["post-19","page","type-page","status-publish","hentry"],"yoast_head":"<!-- This site is optimized with the Yoast SEO plugin v27.5 - https:\/\/yoast.com\/product\/yoast-seo-wordpress\/ -->\n<title>RuderSystem - Rudern-SUP<\/title>\n<meta name=\"description\" content=\"Vorw\u00e4rtsrudern mit dem DELPHIN 1, f\u00fcr Einsteiger und Profis. Rudern Sie in die Richtung, in die Sie schauen. Unser einzigartiges und effizientes Vorw\u00e4rts-Ruder-System macht das Hobby-Rudern zum Vergn\u00fcgen\" \/>\n<meta name=\"robots\" content=\"index, follow, max-snippet:-1, max-image-preview:large, max-video-preview:-1\" \/>\n<link rel=\"canonical\" href=\"https:\/\/www.rudern-sup.de\/\" \/>\n<meta property=\"og:locale\" content=\"de_DE\" \/>\n<meta property=\"og:type\" content=\"article\" \/>\n<meta property=\"og:title\" content=\"RuderSystem - Rudern-SUP\" \/>\n<meta property=\"og:description\" content=\"Vorw\u00e4rtsrudern mit dem DELPHIN 1, f\u00fcr Einsteiger und Profis. Rudern Sie in die Richtung, in die Sie schauen. Unser einzigartiges und effizientes Vorw\u00e4rts-Ruder-System macht das Hobby-Rudern zum Vergn\u00fcgen\" \/>\n<meta property=\"og:url\" content=\"https:\/\/www.rudern-sup.de\/\" \/>\n<meta property=\"og:site_name\" content=\"Rudern-SUP\" \/>\n<meta property=\"article:modified_time\" content=\"2020-12-16T14:40:34+00:00\" \/>\n<meta name=\"twitter:card\" content=\"summary_large_image\" \/>\n<meta name=\"twitter:label1\" content=\"Gesch\u00e4tzte Lesezeit\" \/>\n\t<meta name=\"twitter:data1\" content=\"4\u00a0Minuten\" \/>\n<script type=\"application\/ld+json\" class=\"yoast-schema-graph\">{\"@context\":\"https:\\\/\\\/schema.org\",\"@graph\":[{\"@type\":\"WebPage\",\"@id\":\"https:\\\/\\\/www.rudern-sup.de\\\/\",\"url\":\"https:\\\/\\\/www.rudern-sup.de\\\/\",\"name\":\"RuderSystem - Rudern-SUP\",\"isPartOf\":{\"@id\":\"https:\\\/\\\/www.rudern-sup.de\\\/#website\"},\"datePublished\":\"2019-02-20T08:58:21+00:00\",\"dateModified\":\"2020-12-16T14:40:34+00:00\",\"description\":\"Vorw\u00e4rtsrudern mit dem DELPHIN 1, f\u00fcr Einsteiger und Profis. Rudern Sie in die Richtung, in die Sie schauen. Unser einzigartiges und effizientes Vorw\u00e4rts-Ruder-System macht das Hobby-Rudern zum Vergn\u00fcgen\",\"breadcrumb\":{\"@id\":\"https:\\\/\\\/www.rudern-sup.de\\\/#breadcrumb\"},\"inLanguage\":\"de\",\"potentialAction\":[{\"@type\":\"ReadAction\",\"target\":[\"https:\\\/\\\/www.rudern-sup.de\\\/\"]}]},{\"@type\":\"BreadcrumbList\",\"@id\":\"https:\\\/\\\/www.rudern-sup.de\\\/#breadcrumb\",\"itemListElement\":[{\"@type\":\"ListItem\",\"position\":1,\"name\":\"Startseite\",\"item\":\"https:\\\/\\\/www.rudern-sup.de\\\/\"},{\"@type\":\"ListItem\",\"position\":2,\"name\":\"RuderSystem\"}]},{\"@type\":\"WebSite\",\"@id\":\"https:\\\/\\\/www.rudern-sup.de\\\/#website\",\"url\":\"https:\\\/\\\/www.rudern-sup.de\\\/\",\"name\":\"Rudern-SUP\",\"description\":\"Vorw\u00e4rtsrudern mit dem Delphin Rudersystem\",\"potentialAction\":[{\"@type\":\"SearchAction\",\"target\":{\"@type\":\"EntryPoint\",\"urlTemplate\":\"https:\\\/\\\/www.rudern-sup.de\\\/?s={search_term_string}\"},\"query-input\":{\"@type\":\"PropertyValueSpecification\",\"valueRequired\":true,\"valueName\":\"search_term_string\"}}],\"inLanguage\":\"de\"}]}<\/script>\n<!-- \/ Yoast SEO plugin. -->","yoast_head_json":{"title":"RuderSystem - Rudern-SUP","description":"Vorw\u00e4rtsrudern mit dem DELPHIN 1, f\u00fcr Einsteiger und Profis. Rudern Sie in die Richtung, in die Sie schauen. Unser einzigartiges und effizientes Vorw\u00e4rts-Ruder-System macht das Hobby-Rudern zum Vergn\u00fcgen","robots":{"index":"index","follow":"follow","max-snippet":"max-snippet:-1","max-image-preview":"max-image-preview:large","max-video-preview":"max-video-preview:-1"},"canonical":"https:\/\/www.rudern-sup.de\/","og_locale":"de_DE","og_type":"article","og_title":"RuderSystem - Rudern-SUP","og_description":"Vorw\u00e4rtsrudern mit dem DELPHIN 1, f\u00fcr Einsteiger und Profis. Rudern Sie in die Richtung, in die Sie schauen. Unser einzigartiges und effizientes Vorw\u00e4rts-Ruder-System macht das Hobby-Rudern zum Vergn\u00fcgen","og_url":"https:\/\/www.rudern-sup.de\/","og_site_name":"Rudern-SUP","article_modified_time":"2020-12-16T14:40:34+00:00","twitter_card":"summary_large_image","twitter_misc":{"Gesch\u00e4tzte Lesezeit":"4\u00a0Minuten"},"schema":{"@context":"https:\/\/schema.org","@graph":[{"@type":"WebPage","@id":"https:\/\/www.rudern-sup.de\/","url":"https:\/\/www.rudern-sup.de\/","name":"RuderSystem - Rudern-SUP","isPartOf":{"@id":"https:\/\/www.rudern-sup.de\/#website"},"datePublished":"2019-02-20T08:58:21+00:00","dateModified":"2020-12-16T14:40:34+00:00","description":"Vorw\u00e4rtsrudern mit dem DELPHIN 1, f\u00fcr Einsteiger und Profis. Rudern Sie in die Richtung, in die Sie schauen. Unser einzigartiges und effizientes Vorw\u00e4rts-Ruder-System macht das Hobby-Rudern zum Vergn\u00fcgen","breadcrumb":{"@id":"https:\/\/www.rudern-sup.de\/#breadcrumb"},"inLanguage":"de","potentialAction":[{"@type":"ReadAction","target":["https:\/\/www.rudern-sup.de\/"]}]},{"@type":"BreadcrumbList","@id":"https:\/\/www.rudern-sup.de\/#breadcrumb","itemListElement":[{"@type":"ListItem","position":1,"name":"Startseite","item":"https:\/\/www.rudern-sup.de\/"},{"@type":"ListItem","position":2,"name":"RuderSystem"}]},{"@type":"WebSite","@id":"https:\/\/www.rudern-sup.de\/#website","url":"https:\/\/www.rudern-sup.de\/","name":"Rudern-SUP","description":"Vorw\u00e4rtsrudern mit dem Delphin Rudersystem","potentialAction":[{"@type":"SearchAction","target":{"@type":"EntryPoint","urlTemplate":"https:\/\/www.rudern-sup.de\/?s={search_term_string}"},"query-input":{"@type":"PropertyValueSpecification","valueRequired":true,"valueName":"search_term_string"}}],"inLanguage":"de"}]}},"_links":{"self":[{"href":"https:\/\/www.rudern-sup.de\/index.php\/wp-json\/wp\/v2\/pages\/19","targetHints":{"allow":["GET"]}}],"collection":[{"href":"https:\/\/www.rudern-sup.de\/index.php\/wp-json\/wp\/v2\/pages"}],"about":[{"href":"https:\/\/www.rudern-sup.de\/index.php\/wp-json\/wp\/v2\/types\/page"}],"author":[{"embeddable":true,"href":"https:\/\/www.rudern-sup.de\/index.php\/wp-json\/wp\/v2\/users\/1"}],"replies":[{"embeddable":true,"href":"https:\/\/www.rudern-sup.de\/index.php\/wp-json\/wp\/v2\/comments?post=19"}],"version-history":[{"count":78,"href":"https:\/\/www.rudern-sup.de\/index.php\/wp-json\/wp\/v2\/pages\/19\/revisions"}],"predecessor-version":[{"id":1064,"href":"https:\/\/www.rudern-sup.de\/index.php\/wp-json\/wp\/v2\/pages\/19\/revisions\/1064"}],"wp:attachment":[{"href":"https:\/\/www.rudern-sup.de\/index.php\/wp-json\/wp\/v2\/media?parent=19"}],"curies":[{"name":"wp","href":"https:\/\/api.w.org\/{rel}","templated":true}]}}